{"id":5396,"date":"2024-03-21T15:56:56","date_gmt":"2024-03-21T15:56:56","guid":{"rendered":"https:\/\/veronamarathonexplore.it\/dammusi-2-katzen\/"},"modified":"2024-03-21T15:56:57","modified_gmt":"2024-03-21T15:56:57","slug":"dammusi-2-katzen","status":"publish","type":"page","link":"https:\/\/veronamarathonexplore.it\/de\/dammusi-2-katzen\/","title":{"rendered":"Dammusi 2 Katzen"},"content":{"rendered":"<div class=\"fusion-fullwidth fullwidth-box fusion-builder-row-1 fusion-flex-container nonhundred-percent-fullwidth non-hundred-percent-height-scrolling\" style=\"--awb-border-radius-top-left:0px;--awb-border-radius-top-right:0px;--awb-border-radius-bottom-right:0px;--awb-border-radius-bottom-left:0px;--awb-flex-wrap:wrap;\" ><div class=\"fusion-builder-row fusion-row fusion-flex-align-items-flex-start fusion-flex-content-wrap\" style=\"max-width:1248px;margin-left: calc(-4% \/ 2 );margin-right: calc(-4% \/ 2 );\"><div class=\"fusion-layout-column fusion_builder_column fusion-builder-column-0 fusion_builder_column_1_1 1_1 fusion-flex-column\" style=\"--awb-bg-size:cover;--awb-width-large:100%;--awb-margin-top-large:0px;--awb-spacing-right-large:1.92%;--awb-margin-bottom-large:0px;--awb-spacing-left-large:1.92%;--awb-width-medium:100%;--awb-spacing-right-medium:1.92%;--awb-spacing-left-medium:1.92%;--awb-width-small:100%;--awb-spacing-right-small:1.92%;--awb-spacing-left-small:1.92%;\"><div class=\"fusion-column-wrapper fusion-flex-justify-content-flex-start fusion-content-layout-column\"><div class=\"fusion-title title fusion-title-1 fusion-sep-none fusion-title-text fusion-title-size-three\"><h3 class=\"fusion-title-heading title-heading-left\" style=\"margin:0;\">Dammusi 2 Katzen<\/h3><\/div><div class=\"fusion-text fusion-text-1\"><p>Die Dammusi 2 Gatti befinden sich mitten in der Natur, im Nationalpark von Pantelleria, in absoluter Ruhe. Es handelt sich um echte antike Dammusi, die vor kurzem renoviert wurden und alle Merkmale der Dammusi aufweisen, einschlie\u00dflich der G\u00e4rten, des Hofs und der Trockenmauern von Pantelleria. Die Struktur besteht aus 2 Kernen, die durch 100 Meter Olivenb\u00e4ume, kultivierte Felder und Kaktusfeigen getrennt sind. Jede Gruppe verf\u00fcgt \u00fcber einen eigenen Pool, einen schattigen Bereich und eine Sonnenterrasse sowie den &#8222;Pantesco-Garten&#8220;.<\/p>\n<p>Vor dem Dammusi wird das Land von den Eigent\u00fcmern bewirtschaftet, so dass die G\u00e4ste die frisch geernteten und naturbelassenen Produkte der Insel probieren k\u00f6nnen. Rundherum ist die typische mediterrane Macchia des Pantelleria-Parks zu sehen.<\/p>\n<p>Hervorragend gelegen, nur wenige Minuten vom nat\u00fcrlichen t\u00fcrkischen Bad, dem Scauri-Viertel und dem wundersch\u00f6nen Specchio di Venere-See entfernt. Ein ausgezeichnetes Restaurant ist ca. 1 km entfernt, weitere gibt es in den verschiedenen Stadtteilen, ein Lebensmittelgesch\u00e4ft ist zu Fu\u00df erreichbar, und das Dorf ist 7 km entfernt.<\/p>\n<\/div><div class=\"fusion-title title fusion-title-2 fusion-sep-none fusion-title-text fusion-title-size-three\"><h3 class=\"fusion-title-heading title-heading-left\" style=\"margin:0;\">WAS SIND DAMMUSI<\/h3><\/div><div class=\"fusion-text fusion-text-2\"><p>Die typischen Inselbauten, die Dammusi von Pantelleria, sind das Ergebnis der arabischen Zivilisation und der Arbeit der vielen Bauern von Pantelleria. Der Dammuso ist als l\u00e4ndliches Element entstanden und ber\u00fccksichtigt die Besonderheiten dieser Insel: den Wind, die Hitze, den Mangel an Regen und den Reichtum an Lavamaterial.<\/p>\n<p>Alle Elemente, die diese Konstruktionen kennzeichnen, haben eine bestimmte Funktion. Die gew\u00f6lbten D\u00e4cher dienen dazu, das Regenwasser in Zisternen zu leiten; die dicken, bis zu 1,40 Meter dicken W\u00e4nde isolieren im Sommer gegen Hitze und im Winter gegen K\u00e4lte, ebenso wie die kleinen Fenster und T\u00fcren.<\/p>\n<\/div><\/div><\/div><\/div><\/div>\n","protected":false},"excerpt":{"rendered":"","protected":false},"author":1,"featured_media":0,"parent":0,"menu_order":0,"comment_status":"closed","ping_status":"closed","template":"","meta":{"footnotes":""},"_links":{"self":[{"href":"https:\/\/veronamarathonexplore.it\/de\/wp-json\/wp\/v2\/pages\/5396"}],"collection":[{"href":"https:\/\/veronamarathonexplore.it\/de\/wp-json\/wp\/v2\/pages"}],"about":[{"href":"https:\/\/veronamarathonexplore.it\/de\/wp-json\/wp\/v2\/types\/page"}],"author":[{"embeddable":true,"href":"https:\/\/veronamarathonexplore.it\/de\/wp-json\/wp\/v2\/users\/1"}],"replies":[{"embeddable":true,"href":"https:\/\/veronamarathonexplore.it\/de\/wp-json\/wp\/v2\/comments?post=5396"}],"version-history":[{"count":2,"href":"https:\/\/veronamarathonexplore.it\/de\/wp-json\/wp\/v2\/pages\/5396\/revisions"}],"predecessor-version":[{"id":5398,"href":"https:\/\/veronamarathonexplore.it\/de\/wp-json\/wp\/v2\/pages\/5396\/revisions\/5398"}],"wp:attachment":[{"href":"https:\/\/veronamarathonexplore.it\/de\/wp-json\/wp\/v2\/media?parent=5396"}],"curies":[{"name":"wp","href":"https:\/\/api.w.org\/{rel}","templated":true}]}}