{"id":5428,"date":"2024-03-21T16:02:38","date_gmt":"2024-03-21T16:02:38","guid":{"rendered":"https:\/\/veronamarathonexplore.it\/teilnahmegebuhren\/"},"modified":"2024-03-21T16:02:38","modified_gmt":"2024-03-21T16:02:38","slug":"teilnahmegebuhren","status":"publish","type":"page","link":"https:\/\/veronamarathonexplore.it\/de\/teilnahmegebuhren\/","title":{"rendered":"Teilnahmegeb\u00fchren"},"content":{"rendered":"<p><div class=\"fusion-fullwidth fullwidth-box fusion-builder-row-1 fusion-flex-container has-pattern-background has-mask-background nonhundred-percent-fullwidth non-hundred-percent-height-scrolling\" style=\"--awb-border-radius-top-left:0px;--awb-border-radius-top-right:0px;--awb-border-radius-bottom-right:0px;--awb-border-radius-bottom-left:0px;--awb-padding-right-small:15px;--awb-padding-left-small:15px;--awb-flex-wrap:wrap;\" ><div class=\"fusion-builder-row fusion-row fusion-flex-align-items-center fusion-flex-justify-content-center fusion-flex-content-wrap\" style=\"max-width:1248px;margin-left: calc(-4% \/ 2 );margin-right: calc(-4% \/ 2 );\"><div class=\"fusion-layout-column fusion_builder_column fusion-builder-column-0 fusion_builder_column_1_1 1_1 fusion-flex-column fusion-flex-align-self-center\" style=\"--awb-bg-size:cover;--awb-width-large:100%;--awb-margin-top-large:0px;--awb-spacing-right-large:1.92%;--awb-margin-bottom-large:0px;--awb-spacing-left-large:1.92%;--awb-width-medium:100%;--awb-order-medium:0;--awb-spacing-right-medium:1.92%;--awb-spacing-left-medium:1.92%;--awb-width-small:100%;--awb-order-small:0;--awb-spacing-right-small:1.92%;--awb-spacing-left-small:1.92%;\" data-scroll-devices=\"small-visibility,medium-visibility,large-visibility\"><div class=\"fusion-column-wrapper fusion-column-has-shadow fusion-flex-justify-content-center fusion-content-layout-row\"><div class=\"fusion-title title fusion-title-1 fusion-sep-none fusion-title-text fusion-title-size-three\" style=\"--awb-margin-right-small:15px;\"><h3 class=\"fusion-title-heading title-heading-left\" style=\"margin:0;\"><p style=\"text-align: left;\">TEILNAHMEGEB\u00dcHREN<\/p><\/h3><\/div><div class=\"fusion-text fusion-text-1\" style=\"--awb-text-transform:none;\"><p>G\u00f6nnen Sie sich das volle Erlebnis aller Dienstleistungen von Verona marathon Explore: laufen, entdecken, kosten und regenerieren!<\/p>\n<p>Ein exklusives Programm, das eine Woche Urlaub mit einem Sportereignis verbindet und 3 Lauftage an den sch\u00f6nsten Orten der Insel Pantelleria beinhaltet!<\/p>\n<p>ZAHLUNGSWEISE f\u00fcr alle Pakete:<br \/>\n30% Anzahlung bei Best\u00e4tigung<br \/>\nRestbetrag 30 Tage vor Abreise<\/p>\n<p><span class=\"TextRun SCXW195495113 BCX0\" lang=\"IT-IT\" data-contrast=\"none\"><br \/>\n  <span class=\"NormalTextRun SCXW195495113 BCX0\">F\u00fcr Informationen schreiben Sie an <\/span><br \/>\n<\/span><a class=\"Hyperlink SCXW195495113 BCX0\" href=\"mailto:travel@veronamarathonteam.it\" target=\"_blank\" rel=\"noreferrer noopener\"><br \/>\n  <span class=\"TextRun Underlined SCXW195495113 BCX0\" lang=\"IT-IT\" data-contrast=\"none\"><br \/>\n    <span class=\"NormalTextRun SCXW195495113 BCX0\" data-ccp-charstyle=\"Hyperlink\">travel@veronamarathonteam.it<\/span><br \/>\n  <\/span><br \/>\n<\/a><span class=\"EOP SCXW195495113 BCX0\" data-ccp-props=\"{\"> <\/span><br \/>\nNicola Dal Grande +39 338 1208474<\/p>\n<\/div><\/div><\/div><\/div><\/div><div class=\"fusion-fullwidth fullwidth-box fusion-builder-row-2 fusion-flex-container nonhundred-percent-fullwidth non-hundred-percent-height-scrolling\" style=\"--awb-border-radius-top-left:0px;--awb-border-radius-top-right:0px;--awb-border-radius-bottom-right:0px;--awb-border-radius-bottom-left:0px;--awb-flex-wrap:wrap;\" ><div class=\"fusion-builder-row fusion-row fusion-flex-align-items-flex-start fusion-flex-content-wrap\" style=\"max-width:1248px;margin-left: calc(-4% \/ 2 );margin-right: calc(-4% \/ 2 );\"><div class=\"fusion-layout-column fusion_builder_column fusion-builder-column-1 fusion_builder_column_1_1 1_1 fusion-flex-column\" style=\"--awb-bg-size:cover;--awb-width-large:100%;--awb-margin-top-large:0px;--awb-spacing-right-large:1.92%;--awb-margin-bottom-large:0px;--awb-spacing-left-large:1.92%;--awb-width-medium:100%;--awb-spacing-right-medium:1.92%;--awb-spacing-left-medium:1.92%;--awb-width-small:100%;--awb-spacing-right-small:1.92%;--awb-spacing-left-small:1.92%;\"><div class=\"fusion-column-wrapper fusion-flex-justify-content-flex-start fusion-content-layout-column\"><div class=\"fusion-tabs fusion-tabs-1 classic nav-is-justified horizontal-tabs icon-position-left mobile-mode-toggle\" style=\"--awb-margin-top:20px;--awb-title-border-radius-top-left:0px;--awb-title-border-radius-top-right:0px;--awb-title-border-radius-bottom-right:0px;--awb-title-border-radius-bottom-left:0px;--awb-content-padding-top:10px;--awb-content-padding-right:60px;--awb-content-padding-bottom:35px;--awb-content-padding-left:60px;--awb-title-padding-top:35px;--awb-title-padding-right:60px;--awb-title-padding-bottom:35px;--awb-title-padding-left:60px;--awb-title-font-size:var(--awb-typography3-font-size);--awb-title-text-transform:var(--awb-typography3-text-transform);--awb-title-line-height:var(--awb-typography3-line-height);--awb-title-letter-spacing:var(--awb-typography3-letter-spacing);--awb-alignment:start;--awb-inactive-color:#f5f5f5;--awb-title-text-color:#1c1c1c;--awb-title-active-text-color:#1c1c1c;--awb-background-color:#ffffff;--awb-border-color:#efefef;--awb-active-border-color:#f9a513;--awb-title-font-family:var(--awb-typography3-font-family);--awb-title-font-weight:var(--awb-typography3-font-weight);--awb-title-font-style:var(--awb-typography3-font-style);\"><div class=\"nav\"><ul class=\"nav-tabs nav-justified\" role=\"tablist\"><li class=\"active\" role=\"presentation\"><a class=\"tab-link\" data-toggle=\"tab\" role=\"tab\" aria-controls=\"tab-c159394a808fd4cf146\" aria-selected=\"true\" id=\"fusion-tab-diamant-programm\" href=\"#tab-c159394a808fd4cf146\"><h5 class=\"fusion-tab-heading\"><i class=\"fontawesome-icon icon-ui-home\" aria-hidden=\"true\" style=\"font-size:22px; --icon-color:#444444;--icon-active-color:#f9a513;\"><\/i>Diamant-Programm<\/h5><\/a><\/li><li role=\"presentation\"><a class=\"tab-link\" data-toggle=\"tab\" role=\"tab\" aria-controls=\"tab-a6dd05bbfdf71386026\" aria-selected=\"false\" tabindex=\"-1\" id=\"fusion-tab-diegeb\u00fchrenumfassen\" href=\"#tab-a6dd05bbfdf71386026\"><h5 class=\"fusion-tab-heading\"><i class=\"fontawesome-icon icon-ui-stats\" aria-hidden=\"true\" style=\"font-size:22px; --icon-color:#444444;--icon-active-color:#f9a513;\"><\/i>Die Geb\u00fchren umfassen<\/h5><\/a><\/li><li role=\"presentation\"><a class=\"tab-link\" data-toggle=\"tab\" role=\"tab\" aria-controls=\"tab-d44938f6d116aa7b848\" aria-selected=\"false\" tabindex=\"-1\" id=\"fusion-tab-diegeb\u00fchrenbeinhaltennicht\" href=\"#tab-d44938f6d116aa7b848\"><h5 class=\"fusion-tab-heading\"><i class=\"fontawesome-icon icon-ui-settings\" aria-hidden=\"true\" style=\"font-size:22px; --icon-color:#444444;--icon-active-color:#f9a513;\"><\/i>Die Geb\u00fchren beinhalten NICHT<\/h5><\/a><\/li><\/ul><\/div><div class=\"tab-content\"><div class=\"nav fusion-mobile-tab-nav\"><ul class=\"nav-tabs nav-justified\" role=\"tablist\"><li class=\"active\" role=\"presentation\"><a class=\"tab-link\" data-toggle=\"tab\" role=\"tab\" aria-controls=\"tab-c159394a808fd4cf146\" aria-selected=\"true\" id=\"mobile-fusion-tab-diamant-programm\" href=\"#tab-c159394a808fd4cf146\"><h5 class=\"fusion-tab-heading\"><i class=\"fontawesome-icon icon-ui-home\" aria-hidden=\"true\" style=\"font-size:22px; --icon-color:#444444;--icon-active-color:#f9a513;\"><\/i>Diamant-Programm<\/h5><\/a><\/li><\/ul><\/div><div class=\"tab-pane fade fusion-clearfix in active\" role=\"tabpanel\" tabindex=\"0\" aria-labelledby=\"fusion-tab-diamant-programm\" id=\"tab-c159394a808fd4cf146\">\n<p><strong>Die echte Explore-Erfahrung!<\/strong><\/p>\n<p><strong>8 Tage\/7 N\u00e4chte<\/strong><\/p>\n<p><strong>Unterkunft im Dammusi 2 Gatti* im Doppelzimmer<\/strong><\/p>\n<ul>\n<li>Bis 30. April: 895,00 Euro pro Person<\/li>\n<li>Ab 1. Mai bis zur Verf\u00fcgbarkeit: 940,00 Euro pro Person<\/li>\n<\/ul>\n<p><strong>Unterkunft in Dammusi 2 Gatti* im Dreibettzimmer\/Quadrat\/Quint<\/strong><\/p>\n<ul>\n<li>Bis zum 30. April: 845,00 Euro pro Person<\/li>\n<li>Ab 1. Mai bis zur Verf\u00fcgbarkeit: 895,00 Euro pro Person<\/li>\n<\/ul>\n<p>*Die Kapazit\u00e4t der Einrichtung betr\u00e4gt 30 Betten in Dammusi mit Doppel-, Dreibett- und Vierbettzimmern.<\/p>\n<\/div><div class=\"nav fusion-mobile-tab-nav\"><ul class=\"nav-tabs nav-justified\" role=\"tablist\"><li role=\"presentation\"><a class=\"tab-link\" data-toggle=\"tab\" role=\"tab\" aria-controls=\"tab-a6dd05bbfdf71386026\" aria-selected=\"false\" tabindex=\"-1\" id=\"mobile-fusion-tab-diegeb\u00fchrenumfassen\" href=\"#tab-a6dd05bbfdf71386026\"><h5 class=\"fusion-tab-heading\"><i class=\"fontawesome-icon icon-ui-stats\" aria-hidden=\"true\" style=\"font-size:22px; --icon-color:#444444;--icon-active-color:#f9a513;\"><\/i>Die Geb\u00fchren umfassen<\/h5><\/a><\/li><\/ul><\/div><div class=\"tab-pane fade fusion-clearfix\" role=\"tabpanel\" tabindex=\"0\" aria-labelledby=\"fusion-tab-diegeb\u00fchrenumfassen\" id=\"tab-a6dd05bbfdf71386026\">\n<ul>\n<li>W\u00f6chentliche Unterst\u00fctzung durch das Personal von Verona marathon Explore in der Einrichtung<\/li>\n<li>Willkommener Aperitif<\/li>\n<li>Halbpension mit \u00dcbernachtung und Fr\u00fchst\u00fcck im Hotel<\/li>\n<li>Badreinigung zur Wochenmitte<\/li>\n<li>Handtuchwechsel zur Wochenmitte<\/li>\n<li>Abendessen auf Reisen in den typischsten und bekanntesten Restaurants der Insel f\u00fcr ein Geschmackserlebnis<\/li>\n<li>Gef\u00fchrte Besichtigung mit Aperitif und Verkostung typischer Produkte im Az. Agricola Bonomo<\/li>\n<li>F\u00fchrung durch das Kaper-Museum<\/li>\n<li>Gef\u00fchrte Wanderungen im Nationalpark<\/li>\n<li>Abschlussparty am Buffet<\/li>\n<li>Nutzung des Schwimmbads zur Verf\u00fcgung der G\u00e4ste<\/li>\n<\/ul>\n<\/div><div class=\"nav fusion-mobile-tab-nav\"><ul class=\"nav-tabs nav-justified\" role=\"tablist\"><li role=\"presentation\"><a class=\"tab-link\" data-toggle=\"tab\" role=\"tab\" aria-controls=\"tab-d44938f6d116aa7b848\" aria-selected=\"false\" tabindex=\"-1\" id=\"mobile-fusion-tab-diegeb\u00fchrenbeinhaltennicht\" href=\"#tab-d44938f6d116aa7b848\"><h5 class=\"fusion-tab-heading\"><i class=\"fontawesome-icon icon-ui-settings\" aria-hidden=\"true\" style=\"font-size:22px; --icon-color:#444444;--icon-active-color:#f9a513;\"><\/i>Die Geb\u00fchren beinhalten NICHT<\/h5><\/a><\/li><\/ul><\/div><div class=\"tab-pane fade fusion-clearfix\" role=\"tabpanel\" tabindex=\"0\" aria-labelledby=\"fusion-tab-diegeb\u00fchrenbeinhaltennicht\" id=\"tab-d44938f6d116aa7b848\">\n<ul>\n<li>Flug von\/nach Pantelleria<\/li>\n<li>Autovermietung f\u00fcr Transfers vor Ort (obligatorisch f\u00fcr Transfers zum\/vom Flughafen und Sportveranstaltungen)<\/li>\n<li>Startgeb\u00fchr f\u00fcr das Rennen*<\/li>\n<li>Optionale Kranken- und\/oder Reiser\u00fccktrittsversicherung<\/li>\n<li>  Mittagessen unter der Woche<\/li>\n<li>Bootsfahrt\/optionale Aktivit\u00e4ten<\/li>\n<\/ul>\n<p>*Siehe Gewinnchancen<\/p>\n<\/div><\/div><\/div><\/div><\/div><\/div><\/div><div class=\"fusion-fullwidth fullwidth-box fusion-builder-row-3 fusion-flex-container has-pattern-background has-mask-background nonhundred-percent-fullwidth non-hundred-percent-height-scrolling\" style=\"--awb-border-radius-top-left:0px;--awb-border-radius-top-right:0px;--awb-border-radius-bottom-right:0px;--awb-border-radius-bottom-left:0px;--awb-padding-right-small:15px;--awb-padding-left-small:15px;--awb-flex-wrap:wrap;\" ><div class=\"fusion-builder-row fusion-row fusion-flex-align-items-center fusion-flex-justify-content-center fusion-flex-content-wrap\" style=\"max-width:1248px;margin-left: calc(-4% \/ 2 );margin-right: calc(-4% \/ 2 );\"><div class=\"fusion-layout-column fusion_builder_column fusion-builder-column-2 fusion_builder_column_1_1 1_1 fusion-flex-column fusion-flex-align-self-center\" style=\"--awb-bg-size:cover;--awb-width-large:100%;--awb-margin-top-large:0px;--awb-spacing-right-large:1.92%;--awb-margin-bottom-large:0px;--awb-spacing-left-large:1.92%;--awb-width-medium:100%;--awb-order-medium:0;--awb-spacing-right-medium:1.92%;--awb-spacing-left-medium:1.92%;--awb-width-small:100%;--awb-order-small:0;--awb-spacing-right-small:1.92%;--awb-spacing-left-small:1.92%;\" data-scroll-devices=\"small-visibility,medium-visibility,large-visibility\"><div class=\"fusion-column-wrapper fusion-column-has-shadow fusion-flex-justify-content-center fusion-content-layout-row\"><div class=\"fusion-title title fusion-title-2 fusion-sep-none fusion-title-text fusion-title-size-three\" style=\"--awb-margin-right-small:15px;\"><h3 class=\"fusion-title-heading title-heading-left\" style=\"margin:0;\"><p style=\"text-align: left;\">ANDERE VERF\u00dcGBARKEITEN<\/p><\/h3><\/div><div class=\"fusion-text fusion-text-2\" style=\"--awb-text-transform:none;\"><p>M\u00f6chten Sie am Trekking oder an der Samstagsveranstaltung teilnehmen, aber in einer eher autonomen Situation bleiben?<\/p>\n<p>Hier finden Sie die M\u00f6glichkeit, zu g\u00fcnstigen Preisen zu \u00fcbernachten, ohne Zeit mit der Suche auf Plattformen zu verschwenden.<\/p>\n<p>Wir erinnern Sie daran, dass das wahre Entdeckungserlebnis im Diamond-Paket enthalten ist und Ihnen erlaubt, Momente und Besuche zu teilen, die nur diesem Paket gewidmet sind!<\/p>\n<p><span class=\"TextRun SCXW195495113 BCX0\" lang=\"IT-IT\" data-contrast=\"none\"><br \/>\n  <span class=\"NormalTextRun SCXW195495113 BCX0\">F\u00fcr Informationen schreiben Sie an <\/span><br \/>\n<\/span><a class=\"Hyperlink SCXW195495113 BCX0\" href=\"mailto:travel@veronamarathonteam.it\" target=\"_blank\" rel=\"noreferrer noopener\"><br \/>\n  <span class=\"TextRun Underlined SCXW195495113 BCX0\" lang=\"IT-IT\" data-contrast=\"none\"><br \/>\n    <span class=\"NormalTextRun SCXW195495113 BCX0\" data-ccp-charstyle=\"Hyperlink\">travel@veronamarathonteam.it<\/span><br \/>\n  <\/span><br \/>\n<\/a><span class=\"EOP SCXW195495113 BCX0\" data-ccp-props=\"{\"> <\/span><\/p>\n<\/div><div class=\"fusion-tabs fusion-tabs-2 classic vertical-tabs icon-position-left mobile-mode-toggle\" style=\"--awb-margin-top:20px;--awb-title-border-radius-top-left:0px;--awb-title-border-radius-top-right:0px;--awb-title-border-radius-bottom-right:0px;--awb-title-border-radius-bottom-left:0px;--awb-content-padding-top:10px;--awb-content-padding-right:60px;--awb-content-padding-bottom:35px;--awb-content-padding-left:60px;--awb-title-padding-top:35px;--awb-title-padding-right:60px;--awb-title-padding-bottom:35px;--awb-title-padding-left:60px;--awb-title-font-size:var(--awb-typography3-font-size);--awb-title-text-transform:var(--awb-typography3-text-transform);--awb-title-line-height:var(--awb-typography3-line-height);--awb-title-letter-spacing:var(--awb-typography3-letter-spacing);--awb-alignment:start;--awb-inactive-color:#f5f5f5;--awb-title-text-color:#1c1c1c;--awb-title-active-text-color:#1c1c1c;--awb-background-color:#ffffff;--awb-border-color:#efefef;--awb-active-border-color:#f9a513;--awb-title-font-family:var(--awb-typography3-font-family);--awb-title-font-weight:var(--awb-typography3-font-weight);--awb-title-font-style:var(--awb-typography3-font-style);\"><div class=\"nav\"><ul class=\"nav-tabs\" role=\"tablist\"><li class=\"active\" role=\"presentation\"><a class=\"tab-link\" data-toggle=\"tab\" role=\"tab\" aria-controls=\"tab-858cb68e199d7a3d550\" aria-selected=\"true\" id=\"fusion-tab-gold-programm\" href=\"#tab-858cb68e199d7a3d550\"><h5 class=\"fusion-tab-heading\"><i class=\"fontawesome-icon icon-ui-home\" aria-hidden=\"true\" style=\"font-size:22px; --icon-color:#444444;--icon-active-color:#f9a513;\"><\/i>Gold-Programm<\/h5><\/a><\/li><\/ul><\/div><div class=\"tab-content\"><div class=\"nav fusion-mobile-tab-nav\"><ul class=\"nav-tabs\" role=\"tablist\"><li class=\"active\" role=\"presentation\"><a class=\"tab-link\" data-toggle=\"tab\" role=\"tab\" aria-controls=\"tab-858cb68e199d7a3d550\" aria-selected=\"true\" id=\"mobile-fusion-tab-gold-programm\" href=\"#tab-858cb68e199d7a3d550\"><h5 class=\"fusion-tab-heading\"><i class=\"fontawesome-icon icon-ui-home\" aria-hidden=\"true\" style=\"font-size:22px; --icon-color:#444444;--icon-active-color:#f9a513;\"><\/i>Gold-Programm<\/h5><\/a><\/li><\/ul><\/div><div class=\"tab-pane fade fusion-clearfix in active\" role=\"tabpanel\" tabindex=\"0\" aria-labelledby=\"fusion-tab-gold-programm\" id=\"tab-858cb68e199d7a3d550\">\n<p><strong>Praktikabilit\u00e4t und Privatsph\u00e4re<\/strong><\/p>\n<p><strong>8 Tage\/7 N\u00e4chte<\/strong><\/p>\n<p><strong>Unterkunft im Hotel Mursia  <\/strong><\/p>\n<ul>\n<li>Bis zum 30. April: 465,00 Euro pro Person<\/li>\n<li>Ab 1. Mai bis zur Verf\u00fcgbarkeit: 485,00 Euro pro Person<\/li>\n<\/ul>\n<p><strong>Unterkunft in der Residenz Kuddie Rosse<\/strong><\/p>\n<ul>\n<li>Bis zum 30. April: 360,00 Euro pro Person<\/li>\n<li>Ab 1. Mai bis zur Verf\u00fcgbarkeit: 380,00 Euro pro Person<\/li>\n<\/ul>\n<p><strong>Die Geb\u00fchren beinhalten nicht:<\/strong><\/p>\n<ul>\n<li>Flug von\/nach Pantelleria<\/li>\n<li>Anmeldung f\u00fcr das Sportprogramm La Sportiva Discovery Panteleria<\/li>\n<li>Autovermietung f\u00fcr Transfers vor Ort (obligatorisch f\u00fcr Transfers zum\/vom Flughafen und Sportveranstaltungen)<\/li>\n<li>Optionale Kranken- und\/oder Reiser\u00fccktrittsversicherung<\/li>\n<li>Mittagessen und Abendessen unter der Woche<\/li>\n<li>Bootsfahrt\/optionale Aktivit\u00e4ten<\/li>\n<\/ul>\n<\/div><\/div><\/div><\/div><\/div><\/div><\/div><div class=\"fusion-fullwidth fullwidth-box fusion-builder-row-4 fusion-flex-container has-pattern-background has-mask-background nonhundred-percent-fullwidth non-hundred-percent-height-scrolling\" style=\"--awb-border-radius-top-left:0px;--awb-border-radius-top-right:0px;--awb-border-radius-bottom-right:0px;--awb-border-radius-bottom-left:0px;--awb-flex-wrap:wrap;\" ><div class=\"fusion-builder-row fusion-row fusion-flex-align-items-flex-start fusion-flex-content-wrap\" style=\"max-width:1248px;margin-left: calc(-4% \/ 2 );margin-right: calc(-4% \/ 2 );\"><div class=\"fusion-layout-column fusion_builder_column fusion-builder-column-3 fusion_builder_column_1_3 1_3 fusion-flex-column\" style=\"--awb-bg-size:cover;--awb-width-large:33.333333333333%;--awb-margin-top-large:0px;--awb-spacing-right-large:5.76%;--awb-margin-bottom-large:20px;--awb-spacing-left-large:5.76%;--awb-width-medium:33.333333333333%;--awb-order-medium:0;--awb-spacing-right-medium:5.76%;--awb-spacing-left-medium:5.76%;--awb-width-small:100%;--awb-order-small:0;--awb-spacing-right-small:1.92%;--awb-spacing-left-small:1.92%;\"><div class=\"fusion-column-wrapper fusion-column-has-shadow fusion-flex-justify-content-flex-start fusion-content-layout-column\"><\/div><\/div><div class=\"fusion-layout-column fusion_builder_column fusion-builder-column-4 fusion_builder_column_1_3 1_3 fusion-flex-column\" style=\"--awb-bg-size:cover;--awb-width-large:33.333333333333%;--awb-margin-top-large:0px;--awb-spacing-right-large:5.76%;--awb-margin-bottom-large:20px;--awb-spacing-left-large:5.76%;--awb-width-medium:33.333333333333%;--awb-order-medium:0;--awb-spacing-right-medium:5.76%;--awb-spacing-left-medium:5.76%;--awb-width-small:100%;--awb-order-small:0;--awb-spacing-right-small:1.92%;--awb-spacing-left-small:1.92%;\"><div class=\"fusion-column-wrapper fusion-column-has-shadow fusion-flex-justify-content-flex-start fusion-content-layout-column\"><\/div><\/div><div class=\"fusion-layout-column fusion_builder_column fusion-builder-column-5 fusion_builder_column_1_3 1_3 fusion-flex-column\" style=\"--awb-bg-size:cover;--awb-width-large:33.333333333333%;--awb-margin-top-large:0px;--awb-spacing-right-large:5.76%;--awb-margin-bottom-large:20px;--awb-spacing-left-large:5.76%;--awb-width-medium:33.333333333333%;--awb-order-medium:0;--awb-spacing-right-medium:5.76%;--awb-spacing-left-medium:5.76%;--awb-width-small:100%;--awb-order-small:0;--awb-spacing-right-small:1.92%;--awb-spacing-left-small:1.92%;\"><div class=\"fusion-column-wrapper fusion-column-has-shadow fusion-flex-justify-content-flex-start fusion-content-layout-column\"><\/div><\/div><\/div><\/div><div class=\"fusion-fullwidth fullwidth-box fusion-builder-row-5 fusion-flex-container nonhundred-percent-fullwidth non-hundred-percent-height-scrolling\" style=\"--awb-border-radius-top-left:0px;--awb-border-radius-top-right:0px;--awb-border-radius-bottom-right:0px;--awb-border-radius-bottom-left:0px;--awb-padding-top:60px;--awb-flex-wrap:wrap;\" ><div class=\"fusion-builder-row fusion-row fusion-flex-align-items-center fusion-flex-justify-content-space-evenly fusion-flex-content-wrap\" style=\"max-width:1248px;margin-left: calc(-4% \/ 2 );margin-right: calc(-4% \/ 2 );\"><div class=\"fusion-layout-column fusion_builder_column fusion-builder-column-6 fusion_builder_column_1_1 1_1 fusion-flex-column\" style=\"--awb-bg-size:cover;--awb-width-large:100%;--awb-margin-top-large:0px;--awb-spacing-right-large:1.92%;--awb-margin-bottom-large:20px;--awb-spacing-left-large:1.92%;--awb-width-medium:100%;--awb-order-medium:0;--awb-spacing-right-medium:1.92%;--awb-spacing-left-medium:1.92%;--awb-width-small:100%;--awb-order-small:0;--awb-spacing-right-small:1.92%;--awb-spacing-left-small:1.92%;\"><div class=\"fusion-column-wrapper fusion-column-has-shadow fusion-flex-justify-content-flex-start fusion-content-layout-column\"><div class=\"fusion-widget fusion-widget-element fusion-widget-area fusion-content-widget-area wpWidget-1 lshowcase_widget\" style=\"--awb-fusion-border-size:0px;--awb-fusion-border-style:solid;\"><div class=\"widget lshowcase_widget\"><div class=\"lshowcase-clear-both\">&nbsp;<\/div><div class=\"lshowcase-logos \"><div style='display:none;' class='lshowcase-wrap-carousel-0' ><div data-entry-id=\"3964\" class=\"lshowcase-slide lshowcase-horizontal-slide lshowcase-thumb lshowcase-normal\"><img data-original-title='La nicchia' data-entry-id='3964' src='https:\/\/veronamarathonexplore.it\/wp-content\/uploads\/2022\/09\/loghi-x-sito-explore-la-nicchia-200x200.png'  width='200'  height = '200'  alt='La nicchia' title='' class='lshowcase-thumb'  \/><\/div><div data-entry-id=\"3965\" class=\"lshowcase-slide lshowcase-horizontal-slide lshowcase-thumb lshowcase-normal\"><img data-original-title='Museo Cappero' data-entry-id='3965' src='https:\/\/veronamarathonexplore.it\/wp-content\/uploads\/2022\/09\/loghi-x-sito-explore-museo-cappero-200x200.png'  width='200'  height = '200'  alt='Museo Cappero' title='' class='lshowcase-thumb'  \/><\/div><div data-entry-id=\"3081\" class=\"lshowcase-slide lshowcase-horizontal-slide lshowcase-thumb lshowcase-normal\"><a href='https:\/\/lapanteska.it\/' target='_blank' ><img data-original-title='Birrificio la panteska' data-entry-id='3081' src='https:\/\/veronamarathonexplore.it\/wp-content\/uploads\/2021\/09\/2020_BirrificioPanteska_RestylingLogo_ESE-copia-200x171.jpg'  width='200'  height = '171'  alt='Birrificio la panteska' title='' class='lshowcase-thumb'   \/><\/a><\/div><div data-entry-id=\"3084\" class=\"lshowcase-slide lshowcase-horizontal-slide lshowcase-thumb lshowcase-normal\"><a href='https:\/\/aziendabonomopantelleria.it\/' target='_blank' ><img data-original-title='Azienda agricola Bonomo' data-entry-id='3084' src='https:\/\/veronamarathonexplore.it\/wp-content\/uploads\/2021\/09\/BONOMO-LOGO-AZIENDA-200x82.jpg'  width='200'  height = '82'  alt='Azienda agricola Bonomo' title='' class='lshowcase-thumb'   \/><\/a><\/div><div data-entry-id=\"3090\" class=\"lshowcase-slide lshowcase-horizontal-slide lshowcase-thumb lshowcase-normal\"><a href='http:\/\/www.vacanzedammusi.it\/' target='_blank' ><img data-original-title='Dammusi 2 gatti pantelleria' data-entry-id='3090' src='https:\/\/veronamarathonexplore.it\/wp-content\/uploads\/2021\/09\/Dammuso-2-gatti-200x200.jpg'  width='200'  height = '200'  alt='Dammusi 2 gatti pantelleria' title='' class='lshowcase-thumb'   \/><\/a><\/div><div data-entry-id=\"3096\" class=\"lshowcase-slide lshowcase-horizontal-slide lshowcase-thumb lshowcase-normal\"><a href='http:\/\/www.parconazionalepantelleria.it\/' target='_blank' ><img data-original-title='Parco nazionale isola di pantelleria' data-entry-id='3096' src='https:\/\/veronamarathonexplore.it\/wp-content\/uploads\/2021\/09\/Ente-Parco-Nazionale-Pantelleria-200x200.jpg'  width='200'  height = '200'  alt='Parco nazionale isola di pantelleria' title='' class='lshowcase-thumb'   \/><\/a><\/div><div data-entry-id=\"3099\" class=\"lshowcase-slide lshowcase-horizontal-slide lshowcase-thumb lshowcase-normal\"><img data-original-title='Comune di Pantelleria' data-entry-id='3099' src='https:\/\/veronamarathonexplore.it\/wp-content\/uploads\/2021\/09\/comune-di-Pantelleria-200x86.png'  width='200'  height = '86'  alt='Comune di Pantelleria' title='' class='lshowcase-thumb'  \/><\/div><div data-entry-id=\"3785\" class=\"lshowcase-slide lshowcase-horizontal-slide lshowcase-thumb lshowcase-normal\"><a href='https:\/\/ecotrailsicilia.it\/' target='_blank' ><img data-original-title='Ecotrail Sicilia' data-entry-id='3785' src='https:\/\/veronamarathonexplore.it\/wp-content\/uploads\/2022\/02\/logo_ECOTRAIL-SICILIA-200x33.png'  width='200'  height = '33'  alt='Ecotrail Sicilia' title='' class='lshowcase-thumb'   \/><\/a><\/div><div data-entry-id=\"3811\" class=\"lshowcase-slide lshowcase-horizontal-slide lshowcase-thumb lshowcase-normal\"><a href='https:\/\/www.facebook.com\/pantelleriaoutdoor\/' target='_blank' ><img data-original-title='pantelleria outdoor' data-entry-id='3811' src='https:\/\/veronamarathonexplore.it\/wp-content\/uploads\/2022\/02\/logo_pantelleria-outdoor-200x200.png'  width='200'  height = '200'  alt='pantelleria outdoor' title='' class='lshowcase-thumb'   \/><\/a><\/div><div data-entry-id=\"3954\" class=\"lshowcase-slide lshowcase-horizontal-slide lshowcase-thumb lshowcase-normal\"><img data-original-title='Rent' data-entry-id='3954' src='https:\/\/veronamarathonexplore.it\/wp-content\/uploads\/2022\/09\/loghi-x-sito-explore-rent-200x200.png'  width='200'  height = '200'  alt='Rent' title='' class='lshowcase-thumb'  \/><\/div><\/div><\/div><div class=\"lshowcase-clear-both\">&nbsp;<\/div><\/div><\/div><\/div><\/div><\/div><\/div><\/p>\n","protected":false},"excerpt":{"rendered":"","protected":false},"author":1,"featured_media":0,"parent":0,"menu_order":0,"comment_status":"closed","ping_status":"closed","template":"","meta":{"footnotes":""},"_links":{"self":[{"href":"https:\/\/veronamarathonexplore.it\/de\/wp-json\/wp\/v2\/pages\/5428"}],"collection":[{"href":"https:\/\/veronamarathonexplore.it\/de\/wp-json\/wp\/v2\/pages"}],"about":[{"href":"https:\/\/veronamarathonexplore.it\/de\/wp-json\/wp\/v2\/types\/page"}],"author":[{"embeddable":true,"href":"https:\/\/veronamarathonexplore.it\/de\/wp-json\/wp\/v2\/users\/1"}],"replies":[{"embeddable":true,"href":"https:\/\/veronamarathonexplore.it\/de\/wp-json\/wp\/v2\/comments?post=5428"}],"version-history":[{"count":2,"href":"https:\/\/veronamarathonexplore.it\/de\/wp-json\/wp\/v2\/pages\/5428\/revisions"}],"predecessor-version":[{"id":5432,"href":"https:\/\/veronamarathonexplore.it\/de\/wp-json\/wp\/v2\/pages\/5428\/revisions\/5432"}],"wp:attachment":[{"href":"https:\/\/veronamarathonexplore.it\/de\/wp-json\/wp\/v2\/media?parent=5428"}],"curies":[{"name":"wp","href":"https:\/\/api.w.org\/{rel}","templated":true}]}}