{"id":5436,"date":"2024-03-21T16:03:56","date_gmt":"2024-03-21T16:03:56","guid":{"rendered":"https:\/\/veronamarathonexplore.it\/sansibar-pfad\/"},"modified":"2024-03-21T16:03:56","modified_gmt":"2024-03-21T16:03:56","slug":"sansibar-pfad","status":"publish","type":"page","link":"https:\/\/veronamarathonexplore.it\/de\/sansibar-pfad\/","title":{"rendered":"Sansibar-Pfad"},"content":{"rendered":"<div class=\"fusion-fullwidth fullwidth-box fusion-builder-row-1 fusion-flex-container nonhundred-percent-fullwidth non-hundred-percent-height-scrolling\" style=\"--awb-border-radius-top-left:0px;--awb-border-radius-top-right:0px;--awb-border-radius-bottom-right:0px;--awb-border-radius-bottom-left:0px;--awb-flex-wrap:wrap;\" ><div class=\"fusion-builder-row fusion-row fusion-flex-align-items-flex-start fusion-flex-content-wrap\" style=\"max-width:1248px;margin-left: calc(-4% \/ 2 );margin-right: calc(-4% \/ 2 );\"><div class=\"fusion-layout-column fusion_builder_column fusion-builder-column-0 fusion_builder_column_1_1 1_1 fusion-flex-column\" style=\"--awb-bg-size:cover;--awb-width-large:100%;--awb-margin-top-large:0px;--awb-spacing-right-large:1.92%;--awb-margin-bottom-large:20px;--awb-spacing-left-large:1.92%;--awb-width-medium:100%;--awb-order-medium:0;--awb-spacing-right-medium:1.92%;--awb-spacing-left-medium:1.92%;--awb-width-small:100%;--awb-order-small:0;--awb-spacing-right-small:1.92%;--awb-spacing-left-small:1.92%;\"><div class=\"fusion-column-wrapper fusion-column-has-shadow fusion-flex-justify-content-flex-start fusion-content-layout-column\"><div class=\"fusion-title title fusion-title-1 fusion-sep-none fusion-title-center fusion-title-text fusion-title-size-two\"><h2 class=\"fusion-title-heading title-heading-center\" style=\"margin:0;\">Sansibar-Pfad<\/h2><\/div><div class=\"fusion-text fusion-text-1\"><div style=\"text-align: center;\">Wollten Sie schon immer an unerforschten Orten laufen?<\/div>\n<div><\/div>\n<div style=\"text-align: center;\">Durch den afrikanischen Dschungel zu einem langen wei\u00dfen Strand mit Blick auf den Indischen Ozean?<\/div>\n<div style=\"text-align: center;\">All das ist ein Traum, den Sie mit uns auf der wundersch\u00f6nen Insel Sansibar verwirklichen k\u00f6nnen.<\/div>\n<div style=\"text-align: center;\">3 Tage organisiertes Trailrunning mit markierten und sicheren Strecken, medizinischer Betreuung und Erfrischungen<\/div>\n<div style=\"text-align: center;\">entlang des Weges.<\/div>\n<div style=\"text-align: center;\">2 Schwierigkeitsgrade: leicht und fortgeschritten f\u00fcr die Erfahrenen<\/div>\n<div style=\"text-align: center;\">Man muss kein erfahrener L\u00e4ufer sein, um teilzunehmen, man braucht nur ein Paar gute Laufschuhe, viel Neugier und Lust, neue Orte zu entdecken.<\/div>\n<p style=\"text-align: center;\">Die Termine f\u00fcr das Programm 2024 werden in K\u00fcrze best\u00e4tigt!<\/p>\n<p style=\"text-align: center;\">Wenn auch Sie teilnehmen m\u00f6chten, schreiben Sie f\u00fcr weitere Informationen an travel@veronamarathonteam.it<\/p>\n<\/div><\/div><\/div><\/div><\/div>\n","protected":false},"excerpt":{"rendered":"","protected":false},"author":1,"featured_media":0,"parent":0,"menu_order":0,"comment_status":"closed","ping_status":"closed","template":"","meta":{"footnotes":""},"_links":{"self":[{"href":"https:\/\/veronamarathonexplore.it\/de\/wp-json\/wp\/v2\/pages\/5436"}],"collection":[{"href":"https:\/\/veronamarathonexplore.it\/de\/wp-json\/wp\/v2\/pages"}],"about":[{"href":"https:\/\/veronamarathonexplore.it\/de\/wp-json\/wp\/v2\/types\/page"}],"author":[{"embeddable":true,"href":"https:\/\/veronamarathonexplore.it\/de\/wp-json\/wp\/v2\/users\/1"}],"replies":[{"embeddable":true,"href":"https:\/\/veronamarathonexplore.it\/de\/wp-json\/wp\/v2\/comments?post=5436"}],"version-history":[{"count":2,"href":"https:\/\/veronamarathonexplore.it\/de\/wp-json\/wp\/v2\/pages\/5436\/revisions"}],"predecessor-version":[{"id":5438,"href":"https:\/\/veronamarathonexplore.it\/de\/wp-json\/wp\/v2\/pages\/5436\/revisions\/5438"}],"wp:attachment":[{"href":"https:\/\/veronamarathonexplore.it\/de\/wp-json\/wp\/v2\/media?parent=5436"}],"curies":[{"name":"wp","href":"https:\/\/api.w.org\/{rel}","templated":true}]}}